{"id":8,"date":"2013-08-14T17:26:06","date_gmt":"2013-08-14T15:26:06","guid":{"rendered":"http:\/\/neuropolis.eu.212-8-206-150.preview.greensta.de\/wordpress\/?page_id=8"},"modified":"2020-07-14T20:52:50","modified_gmt":"2020-07-14T18:52:50","slug":"impressum","status":"publish","type":"page","link":"http:\/\/neuropolis.eu\/?page_id=8","title":{"rendered":"Impressum"},"content":{"rendered":"<p><strong>neuropolis e.V.<\/strong><br \/>\nc\/o \u00c4nne-Marthe K\u00fchn<br \/>\nBoxhagener Stra\u00dfe 28<br \/>\n10245 Berlin<\/p>\n<p>www.neuropolis-berlin.de\/<br \/>\nvorstand(AT)neuropolis(PUNKT)eu<\/p>\n<p>Der Verein wird im Sinne von \u00a7\u00a026\u00a0BGB durch die 1.\u00a0Vorsitzende oder die 2.\u00a0Vorsitzende oder den Vorstand f\u00fcr Finanzen einzeln vertreten. (<a href=\"http:\/\/www.neuropolis.eu\/satzung.pdf\" target=\"_blank\" rel=\"noopener noreferrer\">Satzung neuropolis\u00a0e.V.<\/a>, \u00a7\u00a020\u00a0Abs.\u00a02)<br \/>\n\u00c4nne-Marthe K\u00fchn, Vorstand f\u00fcr Mitgliederpflege und 1. Vorsitzende.<br \/>\nCaroline K\u00fchner, Vorstand f\u00fcr \u00d6ffentlichkeitsarbeit und 2. Vorsitzende.<br \/>\nAnn-Kristin Mayr, Vorstand f\u00fcr Finanzen.<\/p>\n<p>Registergericht:\u00a0 Amtsgericht Berlin-Charlottenburg<br \/>\nRegisternummer: VR 27831 B<\/p>\n<p>Haftungshinweis: Trotz sorgf\u00e4ltiger inhaltlicher Kontrolle \u00fcbernehmen wir keine Haftung f\u00fcr die Inhalte externer Links. F\u00fcr den Inhalt der verlinkten Seiten sind ausschlie\u00dflich deren Betreiber verantwortlich.<\/p>\n<p>(Angaben gem. \u00a7 5 Telemediengesetz)<\/p>\n","protected":false},"excerpt":{"rendered":"<p>neuropolis e.V. c\/o \u00c4nne-Marthe K\u00fchn Boxhagener Stra\u00dfe 28 10245 Berlin www.neuropolis-berlin.de\/ vorstand(AT)neuropolis(PUNKT)eu Der Verein wird im Sinne von \u00a7\u00a026\u00a0BGB durch die 1.\u00a0Vorsitzende oder die 2.\u00a0Vorsitzende oder den Vorstand f\u00fcr Finanzen einzeln vertreten. (Satzung neuropolis\u00a0e.V., \u00a7\u00a020\u00a0Abs.\u00a02)&#8230;<\/p>\n","protected":false},"author":1,"featured_media":0,"parent":0,"menu_order":0,"comment_status":"closed","ping_status":"closed","template":"","meta":[],"_links":{"self":[{"href":"http:\/\/neuropolis.eu\/index.php?rest_route=\/wp\/v2\/pages\/8"}],"collection":[{"href":"http:\/\/neuropolis.eu\/index.php?rest_route=\/wp\/v2\/pages"}],"about":[{"href":"http:\/\/neuropolis.eu\/index.php?rest_route=\/wp\/v2\/types\/page"}],"author":[{"embeddable":true,"href":"http:\/\/neuropolis.eu\/index.php?rest_route=\/wp\/v2\/users\/1"}],"replies":[{"embeddable":true,"href":"http:\/\/neuropolis.eu\/index.php?rest_route=%2Fwp%2Fv2%2Fcomments&post=8"}],"version-history":[{"count":27,"href":"http:\/\/neuropolis.eu\/index.php?rest_route=\/wp\/v2\/pages\/8\/revisions"}],"predecessor-version":[{"id":165,"href":"http:\/\/neuropolis.eu\/index.php?rest_route=\/wp\/v2\/pages\/8\/revisions\/165"}],"wp:attachment":[{"href":"http:\/\/neuropolis.eu\/index.php?rest_route=%2Fwp%2Fv2%2Fmedia&parent=8"}],"curies":[{"name":"wp","href":"https:\/\/api.w.org\/{rel}","templated":true}]}}